{"id":123,"date":"2018-05-12T15:13:55","date_gmt":"2018-05-12T15:13:55","guid":{"rendered":"http:\/\/www.naturalderma.com.br\/?page_id=123"},"modified":"2018-06-05T18:33:19","modified_gmt":"2018-06-05T18:33:19","slug":"empresa-2","status":"publish","type":"page","link":"https:\/\/www.naturalderma.com.br\/index.php\/empresa-2\/","title":{"rendered":"Empresa"},"content":{"rendered":"<p><strong>Nossa Empresa<\/strong><\/p>\n<p>Inaugurada em 2001, a Natural Derma farm\u00e1cia de manipula\u00e7\u00e3o e drogaria est\u00e1 focada na qualidade de seus produtos e na excel\u00eancia em atendimento.<\/p>\n<p>A natural derma manipula e comercializa medicamentos de acordo com a prescri\u00e7\u00e3o medica, sendo este o foco de atua\u00e7\u00e3o, tendo um sistema de garantia e qualidade.<\/p>\n<p>&nbsp;<\/p>\n<p><strong>Miss\u00e3o<\/strong><\/p>\n<p>Atender as necessidades de sa\u00fade e bem-estar da popula\u00e7\u00e3o para assim poder prestar servi\u00e7os e ofertar produtos que atinjam as expectativas dos nossos clientes. Dessa forma buscamos de forma consistente a excel\u00eancia e bons resultados, sendo assim somos uma empresa que tem como base pessoas competentes e comprometidas com o bem-estar de todos.<\/p>\n<p>&nbsp;<\/p>\n<p><strong>Vis\u00e3o<\/strong><\/p>\n<p>Ser uma empresa reconhecida no meio magistral por todos, ser competitiva, eficiente e moderna, por seu padr\u00e3o de performance no mercado, resultando assim em um neg\u00f3cio rent\u00e1vel, podendo assim oferecer sempre o melhor para nossos clientes.<\/p>\n<p>&nbsp;<\/p>\n<p><strong>Valores<\/strong><\/p>\n<p>Respeito: \u00c9 um dos alicerces da Natural Derma, pois se trata de cultivarmos relacionamentos construtivos baseando-se sempre nas opini\u00f5es dos colaboradores, parceiros e clientes, sendo nosso ideal e compromisso. Dessa forma n\u00e3o existe lugar para comportamentos contr\u00e1rios tais como o desrespeito.<\/p>\n<p>Sendo assim nos agimos com: honestidade, \u00e9tica e respeito pela vida.<\/p>\n<p>&nbsp;<\/p>\n<p><img loading=\"lazy\" decoding=\"async\" class=\"alignnone wp-image-128 size-full\" src=\"http:\/\/www.naturalderma.com.br\/wp-content\/uploads\/laboratorio-bioslab-en-ica-1.jpg\" alt=\"\" width=\"1000\" height=\"364\" srcset=\"https:\/\/www.naturalderma.com.br\/wp-content\/uploads\/laboratorio-bioslab-en-ica-1.jpg 1000w, https:\/\/www.naturalderma.com.br\/wp-content\/uploads\/laboratorio-bioslab-en-ica-1-300x109.jpg 300w, https:\/\/www.naturalderma.com.br\/wp-content\/uploads\/laboratorio-bioslab-en-ica-1-768x280.jpg 768w\" sizes=\"auto, (max-width: 1000px) 100vw, 1000px\" \/><\/p>\n","protected":false},"excerpt":{"rendered":"<p>Nossa Empresa Inaugurada em 2001, a Natural Derma farm\u00e1cia de manipula\u00e7\u00e3o e drogaria est\u00e1 focada na qualidade de seus produtos e na excel\u00eancia em atendimento. A natural derma manipula e comercializa medicamentos de acordo com a prescri\u00e7\u00e3o medica, sendo este o foco de atua\u00e7\u00e3o, tendo um sistema de garantia e qualidade. &nbsp; Miss\u00e3o Atender as [&hellip;]<\/p>\n","protected":false},"author":1,"featured_media":0,"parent":0,"menu_order":0,"comment_status":"closed","ping_status":"closed","template":"","meta":{"footnotes":""},"class_list":["post-123","page","type-page","status-publish","hentry"],"_links":{"self":[{"href":"https:\/\/www.naturalderma.com.br\/index.php\/wp-json\/wp\/v2\/pages\/123","targetHints":{"allow":["GET"]}}],"collection":[{"href":"https:\/\/www.naturalderma.com.br\/index.php\/wp-json\/wp\/v2\/pages"}],"about":[{"href":"https:\/\/www.naturalderma.com.br\/index.php\/wp-json\/wp\/v2\/types\/page"}],"author":[{"embeddable":true,"href":"https:\/\/www.naturalderma.com.br\/index.php\/wp-json\/wp\/v2\/users\/1"}],"replies":[{"embeddable":true,"href":"https:\/\/www.naturalderma.com.br\/index.php\/wp-json\/wp\/v2\/comments?post=123"}],"version-history":[{"count":4,"href":"https:\/\/www.naturalderma.com.br\/index.php\/wp-json\/wp\/v2\/pages\/123\/revisions"}],"predecessor-version":[{"id":134,"href":"https:\/\/www.naturalderma.com.br\/index.php\/wp-json\/wp\/v2\/pages\/123\/revisions\/134"}],"wp:attachment":[{"href":"https:\/\/www.naturalderma.com.br\/index.php\/wp-json\/wp\/v2\/media?parent=123"}],"curies":[{"name":"wp","href":"https:\/\/api.w.org\/{rel}","templated":true}]}}