{"id":62,"date":"2018-05-12T14:43:03","date_gmt":"2018-05-12T14:43:03","guid":{"rendered":"http:\/\/www.naturalderma.com.br\/?page_id=62"},"modified":"2018-05-14T22:26:55","modified_gmt":"2018-05-14T22:26:55","slug":"drogaria","status":"publish","type":"page","link":"https:\/\/www.naturalderma.com.br\/index.php\/drogaria\/","title":{"rendered":"Drogaria"},"content":{"rendered":"<p><img loading=\"lazy\" decoding=\"async\" class=\"alignnone size-medium wp-image-164 alignleft\" src=\"http:\/\/www.naturalderma.com.br\/wp-content\/uploads\/quando-a-identificacao-dos-medicamentos-e-um-problema-300x200.jpg\" alt=\"\" width=\"300\" height=\"200\" srcset=\"https:\/\/www.naturalderma.com.br\/wp-content\/uploads\/quando-a-identificacao-dos-medicamentos-e-um-problema-300x200.jpg 300w, https:\/\/www.naturalderma.com.br\/wp-content\/uploads\/quando-a-identificacao-dos-medicamentos-e-um-problema-768x512.jpg 768w, https:\/\/www.naturalderma.com.br\/wp-content\/uploads\/quando-a-identificacao-dos-medicamentos-e-um-problema-1024x683.jpg 1024w, https:\/\/www.naturalderma.com.br\/wp-content\/uploads\/quando-a-identificacao-dos-medicamentos-e-um-problema.jpg 1600w\" sizes=\"auto, (max-width: 300px) 100vw, 300px\" \/><\/p>\n<p>Possu\u00edmos uma grande variedade de medicamentos gen\u00e9ricos e representamos grandes marecas do mercado, seguindo todas as normas de seguran\u00e7a para que tenhamos a certeza de oferecer medicamentos de proced\u00eancia, presando a qualidade e efici\u00eancia no tratamento de nossos clientes.<\/p>\n","protected":false},"excerpt":{"rendered":"<p>Possu\u00edmos uma grande variedade de medicamentos gen\u00e9ricos e representamos grandes marecas do mercado, seguindo todas as normas de seguran\u00e7a para que tenhamos a certeza de oferecer medicamentos de proced\u00eancia, presando a qualidade e efici\u00eancia no tratamento de nossos clientes.<\/p>\n","protected":false},"author":1,"featured_media":0,"parent":0,"menu_order":0,"comment_status":"closed","ping_status":"closed","template":"","meta":{"footnotes":""},"class_list":["post-62","page","type-page","status-publish","hentry"],"_links":{"self":[{"href":"https:\/\/www.naturalderma.com.br\/index.php\/wp-json\/wp\/v2\/pages\/62","targetHints":{"allow":["GET"]}}],"collection":[{"href":"https:\/\/www.naturalderma.com.br\/index.php\/wp-json\/wp\/v2\/pages"}],"about":[{"href":"https:\/\/www.naturalderma.com.br\/index.php\/wp-json\/wp\/v2\/types\/page"}],"author":[{"embeddable":true,"href":"https:\/\/www.naturalderma.com.br\/index.php\/wp-json\/wp\/v2\/users\/1"}],"replies":[{"embeddable":true,"href":"https:\/\/www.naturalderma.com.br\/index.php\/wp-json\/wp\/v2\/comments?post=62"}],"version-history":[{"count":3,"href":"https:\/\/www.naturalderma.com.br\/index.php\/wp-json\/wp\/v2\/pages\/62\/revisions"}],"predecessor-version":[{"id":163,"href":"https:\/\/www.naturalderma.com.br\/index.php\/wp-json\/wp\/v2\/pages\/62\/revisions\/163"}],"wp:attachment":[{"href":"https:\/\/www.naturalderma.com.br\/index.php\/wp-json\/wp\/v2\/media?parent=62"}],"curies":[{"name":"wp","href":"https:\/\/api.w.org\/{rel}","templated":true}]}}