{"id":82,"date":"2018-05-12T14:46:33","date_gmt":"2018-05-12T14:46:33","guid":{"rendered":"http:\/\/www.naturalderma.com.br\/?page_id=82"},"modified":"2018-09-03T14:34:01","modified_gmt":"2018-09-03T14:34:01","slug":"campanhas","status":"publish","type":"page","link":"https:\/\/www.naturalderma.com.br\/index.php\/campanhas\/","title":{"rendered":"Campanhas"},"content":{"rendered":"<p style=\"text-align: center;\"><img loading=\"lazy\" decoding=\"async\" class=\"wp-image-376 size-medium aligncenter\" src=\"http:\/\/www.naturalderma.com.br\/wp-content\/uploads\/ok-post-300x300.png\" alt=\"\" width=\"300\" height=\"300\" srcset=\"https:\/\/www.naturalderma.com.br\/wp-content\/uploads\/ok-post-300x300.png 300w, https:\/\/www.naturalderma.com.br\/wp-content\/uploads\/ok-post-150x150.png 150w, https:\/\/www.naturalderma.com.br\/wp-content\/uploads\/ok-post-768x768.png 768w, https:\/\/www.naturalderma.com.br\/wp-content\/uploads\/ok-post-70x70.png 70w, https:\/\/www.naturalderma.com.br\/wp-content\/uploads\/ok-post.png 957w\" sizes=\"auto, (max-width: 300px) 100vw, 300px\" \/>Neste m\u00eas de Setembro comemoramos o anivers\u00e1rio da Natural Derma e quem ganha \u00e9 voc\u00ea!!!<\/p>\n<p style=\"text-align: center;\">Na compra de qualquer produto manipulado voc\u00ea GANHA 15% DE DESCONTO! Para ganhar, basta informa que viu esta promo\u00e7\u00e3o em nosso site ou m\u00eddias sociais, no ato da compra!<\/p>\n<p style=\"text-align: center;\">Ent\u00e3o participe!!! Venha para Natural Derma, a sua farm\u00e1cia de manipula\u00e7\u00e3o!!<\/p>\n<p style=\"text-align: center;\">Promo\u00e7\u00e3o v\u00e1lida somente para o m\u00eas de Setembro<\/p>\n<p style=\"text-align: center;\"><a href=\"https:\/\/api.whatsapp.com\/send?phone=5519999448192\"><strong>CHAME-<a href=\"https:\/\/api.whatsapp.com\/send?phone=5519999448192\">NOS <\/a> PELO WHATSAPP<\/strong><\/a><\/p>\n","protected":false},"excerpt":{"rendered":"<p>Neste m\u00eas de Setembro comemoramos o anivers\u00e1rio da Natural Derma e quem ganha \u00e9 voc\u00ea!!! Na compra de qualquer produto manipulado voc\u00ea GANHA 15% DE DESCONTO! Para ganhar, basta informa que viu esta promo\u00e7\u00e3o em nosso site ou m\u00eddias sociais, no ato da compra! Ent\u00e3o participe!!! Venha para Natural Derma, a sua farm\u00e1cia de manipula\u00e7\u00e3o!! [&hellip;]<\/p>\n","protected":false},"author":1,"featured_media":361,"parent":0,"menu_order":0,"comment_status":"closed","ping_status":"closed","template":"","meta":{"footnotes":""},"class_list":["post-82","page","type-page","status-publish","has-post-thumbnail","hentry"],"_links":{"self":[{"href":"https:\/\/www.naturalderma.com.br\/index.php\/wp-json\/wp\/v2\/pages\/82","targetHints":{"allow":["GET"]}}],"collection":[{"href":"https:\/\/www.naturalderma.com.br\/index.php\/wp-json\/wp\/v2\/pages"}],"about":[{"href":"https:\/\/www.naturalderma.com.br\/index.php\/wp-json\/wp\/v2\/types\/page"}],"author":[{"embeddable":true,"href":"https:\/\/www.naturalderma.com.br\/index.php\/wp-json\/wp\/v2\/users\/1"}],"replies":[{"embeddable":true,"href":"https:\/\/www.naturalderma.com.br\/index.php\/wp-json\/wp\/v2\/comments?post=82"}],"version-history":[{"count":16,"href":"https:\/\/www.naturalderma.com.br\/index.php\/wp-json\/wp\/v2\/pages\/82\/revisions"}],"predecessor-version":[{"id":383,"href":"https:\/\/www.naturalderma.com.br\/index.php\/wp-json\/wp\/v2\/pages\/82\/revisions\/383"}],"wp:featuredmedia":[{"embeddable":true,"href":"https:\/\/www.naturalderma.com.br\/index.php\/wp-json\/wp\/v2\/media\/361"}],"wp:attachment":[{"href":"https:\/\/www.naturalderma.com.br\/index.php\/wp-json\/wp\/v2\/media?parent=82"}],"curies":[{"name":"wp","href":"https:\/\/api.w.org\/{rel}","templated":true}]}}